{"id":8246,"date":"2021-03-09T22:00:42","date_gmt":"2021-03-09T21:00:42","guid":{"rendered":"https:\/\/dezernat-zukunft.org\/?page_id=8246"},"modified":"2025-08-21T16:21:02","modified_gmt":"2025-08-21T14:21:02","slug":"disclaimer-and-privacy-policy","status":"publish","type":"page","link":"https:\/\/dezernatzukunft.org\/en\/disclaimer-and-privacy-policy\/","title":{"rendered":"Disclaimer and Privacy Policy"},"content":{"rendered":"<div id=\"cs-content\" class=\"cs-content\"><\/div>\n","protected":false},"excerpt":{"rendered":"<p>Disclaimer and Privacy PolicyDezernat Zukunft e.V. makes no guarantee for the actuality, correctness, or completeness of the information provided on our website. Liability claims made against the author on the basis of material or intellectual damages attributed to the use or absence of use of the supplied information are ruled out as a consequence, provided no evidence of deliberate or &#8230; <a href=\"https:\/\/dezernatzukunft.org\/en\/disclaimer-and-privacy-policy\/\" class=\"more-link\">Read More<\/a><\/p>\n","protected":false},"author":1,"featured_media":0,"parent":0,"menu_order":0,"comment_status":"closed","ping_status":"closed","template":"template-blank-4.php","meta":{"_acf_changed":false,"footnotes":"","_links_to":"","_links_to_target":""},"class_list":["post-8246","page","type-page","status-publish","hentry","no-post-thumbnail"],"acf":[],"yoast_head":"<!-- This site is optimized with the Yoast SEO plugin v26.8 - https:\/\/yoast.com\/product\/yoast-seo-wordpress\/ -->\n<title>Datenschutz |\u00a0Dezernat Zukunft \u2013 Neue Finanzpolitik<\/title>\n<meta name=\"description\" content=\"Dezernat Zukunft \u00fcbernimmt keinerlei Gew\u00e4hr f\u00fcr die Aktualit\u00e4t, Richtigkeit und Vollst\u00e4ndigkeit der hier bereitgestellten Informationen.\" \/>\n<meta name=\"robots\" content=\"index, follow, max-snippet:-1, max-image-preview:large, max-video-preview:-1\" \/>\n<link rel=\"canonical\" href=\"https:\/\/dezernatzukunft.org\/en\/disclaimer-and-privacy-policy\/\" \/>\n<meta property=\"og:locale\" content=\"en_US\" \/>\n<meta property=\"og:type\" content=\"article\" \/>\n<meta property=\"og:title\" content=\"Datenschutz |\u00a0Dezernat Zukunft \u2013 Neue Finanzpolitik\" \/>\n<meta property=\"og:description\" content=\"Dezernat Zukunft \u00fcbernimmt keinerlei Gew\u00e4hr f\u00fcr die Aktualit\u00e4t, Richtigkeit und Vollst\u00e4ndigkeit der hier bereitgestellten Informationen.\" \/>\n<meta property=\"og:url\" content=\"https:\/\/dezernatzukunft.org\/en\/disclaimer-and-privacy-policy\/\" \/>\n<meta property=\"og:site_name\" content=\"Dezernat Zukunft\" \/>\n<meta property=\"article:modified_time\" content=\"2025-08-21T14:21:02+00:00\" \/>\n<meta name=\"twitter:card\" content=\"summary_large_image\" \/>\n<meta name=\"twitter:site\" content=\"@DezernatZ\" \/>\n<meta name=\"twitter:label1\" content=\"Est. reading time\" \/>\n\t<meta name=\"twitter:data1\" content=\"30 minutes\" \/>\n<script type=\"application\/ld+json\" class=\"yoast-schema-graph\">{\"@context\":\"https:\/\/schema.org\",\"@graph\":[{\"@type\":\"WebPage\",\"@id\":\"https:\/\/dezernatzukunft.org\/en\/disclaimer-and-privacy-policy\/\",\"url\":\"https:\/\/dezernatzukunft.org\/en\/disclaimer-and-privacy-policy\/\",\"name\":\"Datenschutz |\u00a0Dezernat Zukunft \u2013 Neue Finanzpolitik\",\"isPartOf\":{\"@id\":\"https:\/\/dezernatzukunft.org\/#website\"},\"datePublished\":\"2021-03-09T21:00:42+00:00\",\"dateModified\":\"2025-08-21T14:21:02+00:00\",\"description\":\"Dezernat Zukunft \u00fcbernimmt keinerlei Gew\u00e4hr f\u00fcr die Aktualit\u00e4t, Richtigkeit und Vollst\u00e4ndigkeit der hier bereitgestellten Informationen.\",\"breadcrumb\":{\"@id\":\"https:\/\/dezernatzukunft.org\/en\/disclaimer-and-privacy-policy\/#breadcrumb\"},\"inLanguage\":\"en-US\",\"potentialAction\":[{\"@type\":\"ReadAction\",\"target\":[\"https:\/\/dezernatzukunft.org\/en\/disclaimer-and-privacy-policy\/\"]}]},{\"@type\":\"BreadcrumbList\",\"@id\":\"https:\/\/dezernatzukunft.org\/en\/disclaimer-and-privacy-policy\/#breadcrumb\",\"itemListElement\":[{\"@type\":\"ListItem\",\"position\":1,\"name\":\"Home\",\"item\":\"https:\/\/dezernatzukunft.org\/en\/\"},{\"@type\":\"ListItem\",\"position\":2,\"name\":\"Disclaimer and Privacy Policy\"}]},{\"@type\":\"WebSite\",\"@id\":\"https:\/\/dezernatzukunft.org\/#website\",\"url\":\"https:\/\/dezernatzukunft.org\/\",\"name\":\"Dezernat Zukunft\",\"description\":\"Institut f\u00fcr Makrofinanzen\",\"publisher\":{\"@id\":\"https:\/\/dezernatzukunft.org\/#organization\"},\"potentialAction\":[{\"@type\":\"SearchAction\",\"target\":{\"@type\":\"EntryPoint\",\"urlTemplate\":\"https:\/\/dezernatzukunft.org\/?s={search_term_string}\"},\"query-input\":{\"@type\":\"PropertyValueSpecification\",\"valueRequired\":true,\"valueName\":\"search_term_string\"}}],\"inLanguage\":\"en-US\"},{\"@type\":\"Organization\",\"@id\":\"https:\/\/dezernatzukunft.org\/#organization\",\"name\":\"Dezernat Zukunft\",\"url\":\"https:\/\/dezernatzukunft.org\/\",\"logo\":{\"@type\":\"ImageObject\",\"inLanguage\":\"en-US\",\"@id\":\"https:\/\/dezernatzukunft.org\/#\/schema\/logo\/image\/\",\"url\":\"https:\/\/dezernatzukunft.org\/wp-content\/uploads\/2022\/05\/Dezernat_Zukunft-01_Zeichenfla\u0308che-1.png\",\"contentUrl\":\"https:\/\/dezernatzukunft.org\/wp-content\/uploads\/2022\/05\/Dezernat_Zukunft-01_Zeichenfla\u0308che-1.png\",\"width\":966,\"height\":167,\"caption\":\"Dezernat Zukunft\"},\"image\":{\"@id\":\"https:\/\/dezernatzukunft.org\/#\/schema\/logo\/image\/\"},\"sameAs\":[\"https:\/\/x.com\/DezernatZ\"]}]}<\/script>\n<!-- \/ Yoast SEO plugin. -->","yoast_head_json":{"title":"Datenschutz |\u00a0Dezernat Zukunft \u2013 Neue Finanzpolitik","description":"Dezernat Zukunft \u00fcbernimmt keinerlei Gew\u00e4hr f\u00fcr die Aktualit\u00e4t, Richtigkeit und Vollst\u00e4ndigkeit der hier bereitgestellten Informationen.","robots":{"index":"index","follow":"follow","max-snippet":"max-snippet:-1","max-image-preview":"max-image-preview:large","max-video-preview":"max-video-preview:-1"},"canonical":"https:\/\/dezernatzukunft.org\/en\/disclaimer-and-privacy-policy\/","og_locale":"en_US","og_type":"article","og_title":"Datenschutz |\u00a0Dezernat Zukunft \u2013 Neue Finanzpolitik","og_description":"Dezernat Zukunft \u00fcbernimmt keinerlei Gew\u00e4hr f\u00fcr die Aktualit\u00e4t, Richtigkeit und Vollst\u00e4ndigkeit der hier bereitgestellten Informationen.","og_url":"https:\/\/dezernatzukunft.org\/en\/disclaimer-and-privacy-policy\/","og_site_name":"Dezernat Zukunft","article_modified_time":"2025-08-21T14:21:02+00:00","twitter_card":"summary_large_image","twitter_site":"@DezernatZ","twitter_misc":{"Est. reading time":"30 minutes"},"schema":{"@context":"https:\/\/schema.org","@graph":[{"@type":"WebPage","@id":"https:\/\/dezernatzukunft.org\/en\/disclaimer-and-privacy-policy\/","url":"https:\/\/dezernatzukunft.org\/en\/disclaimer-and-privacy-policy\/","name":"Datenschutz |\u00a0Dezernat Zukunft \u2013 Neue Finanzpolitik","isPartOf":{"@id":"https:\/\/dezernatzukunft.org\/#website"},"datePublished":"2021-03-09T21:00:42+00:00","dateModified":"2025-08-21T14:21:02+00:00","description":"Dezernat Zukunft \u00fcbernimmt keinerlei Gew\u00e4hr f\u00fcr die Aktualit\u00e4t, Richtigkeit und Vollst\u00e4ndigkeit der hier bereitgestellten Informationen.","breadcrumb":{"@id":"https:\/\/dezernatzukunft.org\/en\/disclaimer-and-privacy-policy\/#breadcrumb"},"inLanguage":"en-US","potentialAction":[{"@type":"ReadAction","target":["https:\/\/dezernatzukunft.org\/en\/disclaimer-and-privacy-policy\/"]}]},{"@type":"BreadcrumbList","@id":"https:\/\/dezernatzukunft.org\/en\/disclaimer-and-privacy-policy\/#breadcrumb","itemListElement":[{"@type":"ListItem","position":1,"name":"Home","item":"https:\/\/dezernatzukunft.org\/en\/"},{"@type":"ListItem","position":2,"name":"Disclaimer and Privacy Policy"}]},{"@type":"WebSite","@id":"https:\/\/dezernatzukunft.org\/#website","url":"https:\/\/dezernatzukunft.org\/","name":"Dezernat Zukunft","description":"Institut f\u00fcr Makrofinanzen","publisher":{"@id":"https:\/\/dezernatzukunft.org\/#organization"},"potentialAction":[{"@type":"SearchAction","target":{"@type":"EntryPoint","urlTemplate":"https:\/\/dezernatzukunft.org\/?s={search_term_string}"},"query-input":{"@type":"PropertyValueSpecification","valueRequired":true,"valueName":"search_term_string"}}],"inLanguage":"en-US"},{"@type":"Organization","@id":"https:\/\/dezernatzukunft.org\/#organization","name":"Dezernat Zukunft","url":"https:\/\/dezernatzukunft.org\/","logo":{"@type":"ImageObject","inLanguage":"en-US","@id":"https:\/\/dezernatzukunft.org\/#\/schema\/logo\/image\/","url":"https:\/\/dezernatzukunft.org\/wp-content\/uploads\/2022\/05\/Dezernat_Zukunft-01_Zeichenfla\u0308che-1.png","contentUrl":"https:\/\/dezernatzukunft.org\/wp-content\/uploads\/2022\/05\/Dezernat_Zukunft-01_Zeichenfla\u0308che-1.png","width":966,"height":167,"caption":"Dezernat Zukunft"},"image":{"@id":"https:\/\/dezernatzukunft.org\/#\/schema\/logo\/image\/"},"sameAs":["https:\/\/x.com\/DezernatZ"]}]}},"_links":{"self":[{"href":"https:\/\/dezernatzukunft.org\/en\/wp-json\/wp\/v2\/pages\/8246","targetHints":{"allow":["GET"]}}],"collection":[{"href":"https:\/\/dezernatzukunft.org\/en\/wp-json\/wp\/v2\/pages"}],"about":[{"href":"https:\/\/dezernatzukunft.org\/en\/wp-json\/wp\/v2\/types\/page"}],"author":[{"embeddable":true,"href":"https:\/\/dezernatzukunft.org\/en\/wp-json\/wp\/v2\/users\/1"}],"replies":[{"embeddable":true,"href":"https:\/\/dezernatzukunft.org\/en\/wp-json\/wp\/v2\/comments?post=8246"}],"version-history":[{"count":10,"href":"https:\/\/dezernatzukunft.org\/en\/wp-json\/wp\/v2\/pages\/8246\/revisions"}],"predecessor-version":[{"id":77927,"href":"https:\/\/dezernatzukunft.org\/en\/wp-json\/wp\/v2\/pages\/8246\/revisions\/77927"}],"wp:attachment":[{"href":"https:\/\/dezernatzukunft.org\/en\/wp-json\/wp\/v2\/media?parent=8246"}],"curies":[{"name":"wp","href":"https:\/\/api.w.org\/{rel}","templated":true}]}}