{"id":8244,"date":"2021-03-09T21:51:00","date_gmt":"2021-03-09T20:51:00","guid":{"rendered":"https:\/\/dezernat-zukunft.org\/?page_id=8244"},"modified":"2026-04-09T18:28:22","modified_gmt":"2026-04-09T16:28:22","slug":"home_en","status":"publish","type":"page","link":"https:\/\/dezernatzukunft.org\/en\/","title":{"rendered":"Home"},"content":{"rendered":"<div id=\"cs-content\" class=\"cs-content\"><\/div>\n","protected":false},"excerpt":{"rendered":"<p>GeldbriefIran-Krieg-FAQ: Unsicherheit und Inflationsdruck bleiben 9. April 2026Janek SteitzPapersBundeshaushaltsmonitor 2026 31. March 2026Florian Schuster-JohnsonPapersEine kurze Fiskalgeschichte der deutschen Wohnungspolitik 31. March 2026Sara SchultePapersEurope\u2019s Trump Cards 12. February 2026Philippa Sigl-Gl\u00f6cknerPublications GELDBRIEF PAPERSDATASETSThe\u00a0Geldbrief\u00a0is our newsletter on current developments in economic, fiscal, and monetary policy. We appreciate your feedback and suggestions. Send it to timm.leinker[at]dezernatzukunft.org.Iran-Krieg-FAQ: Unsicherheit und Inflationsdruck bleiben9. April 2026Antworten auf die &#8230; <a href=\"https:\/\/dezernatzukunft.org\/en\/\" class=\"more-link\">Read More<\/a><\/p>\n","protected":false},"author":1,"featured_media":0,"parent":0,"menu_order":0,"comment_status":"closed","ping_status":"closed","template":"template-blank-4.php","meta":{"_acf_changed":false,"footnotes":"","_links_to":"","_links_to_target":""},"class_list":["post-8244","page","type-page","status-publish","hentry","no-post-thumbnail"],"acf":[],"yoast_head":"<!-- This site is optimized with the Yoast SEO plugin v26.8 - https:\/\/yoast.com\/product\/yoast-seo-wordpress\/ -->\n<title>Dezernat Zukunft \u2013\u00a0Neue Finanzpolitik f\u00fcr W\u00fcrde, Wohlstand, Demokratie<\/title>\n<meta name=\"description\" content=\"Das Dezernet Zukunft will Geld-, Finanz-, und Wirtschaftspolitik verst\u00e4ndlich, koh\u00e4rent, und relevant erkl\u00e4ren und neu denken.\" \/>\n<meta name=\"robots\" content=\"index, follow, max-snippet:-1, max-image-preview:large, max-video-preview:-1\" \/>\n<link rel=\"canonical\" href=\"https:\/\/dezernatzukunft.org\/en\/home_en\/\" \/>\n<meta property=\"og:locale\" content=\"en_US\" \/>\n<meta property=\"og:type\" content=\"article\" \/>\n<meta property=\"og:title\" content=\"Dezernat Zukunft \u2013\u00a0Neue Finanzpolitik f\u00fcr W\u00fcrde, Wohlstand, Demokratie\" \/>\n<meta property=\"og:description\" content=\"Das Dezernet Zukunft will Geld-, Finanz-, und Wirtschaftspolitik verst\u00e4ndlich, koh\u00e4rent, und relevant erkl\u00e4ren und neu denken.\" \/>\n<meta property=\"og:url\" content=\"https:\/\/dezernatzukunft.org\/en\/home_en\/\" \/>\n<meta property=\"og:site_name\" content=\"Dezernat Zukunft\" \/>\n<meta property=\"article:modified_time\" content=\"2026-04-09T16:28:22+00:00\" \/>\n<meta name=\"twitter:card\" content=\"summary_large_image\" \/>\n<meta name=\"twitter:site\" content=\"@DezernatZ\" \/>\n<meta name=\"twitter:label1\" content=\"Est. reading time\" \/>\n\t<meta name=\"twitter:data1\" content=\"13 minutes\" \/>\n<script type=\"application\/ld+json\" class=\"yoast-schema-graph\">{\"@context\":\"https:\/\/schema.org\",\"@graph\":[{\"@type\":\"WebPage\",\"@id\":\"https:\/\/dezernatzukunft.org\/en\/home_en\/\",\"url\":\"https:\/\/dezernatzukunft.org\/en\/home_en\/\",\"name\":\"Dezernat Zukunft \u2013\u00a0Neue Finanzpolitik f\u00fcr W\u00fcrde, Wohlstand, Demokratie\",\"isPartOf\":{\"@id\":\"https:\/\/dezernatzukunft.org\/#website\"},\"datePublished\":\"2021-03-09T20:51:00+00:00\",\"dateModified\":\"2026-04-09T16:28:22+00:00\",\"description\":\"Das Dezernet Zukunft will Geld-, Finanz-, und Wirtschaftspolitik verst\u00e4ndlich, koh\u00e4rent, und relevant erkl\u00e4ren und neu denken.\",\"breadcrumb\":{\"@id\":\"https:\/\/dezernatzukunft.org\/en\/home_en\/#breadcrumb\"},\"inLanguage\":\"en-US\",\"potentialAction\":[{\"@type\":\"ReadAction\",\"target\":[\"https:\/\/dezernatzukunft.org\/en\/home_en\/\"]}]},{\"@type\":\"BreadcrumbList\",\"@id\":\"https:\/\/dezernatzukunft.org\/en\/home_en\/#breadcrumb\",\"itemListElement\":[{\"@type\":\"ListItem\",\"position\":1,\"name\":\"Home\",\"item\":\"https:\/\/dezernatzukunft.org\/en\/home_en\/\"},{\"@type\":\"ListItem\",\"position\":2,\"name\":\"Home\"}]},{\"@type\":\"WebSite\",\"@id\":\"https:\/\/dezernatzukunft.org\/#website\",\"url\":\"https:\/\/dezernatzukunft.org\/\",\"name\":\"Dezernat Zukunft\",\"description\":\"Institut f\u00fcr Makrofinanzen\",\"publisher\":{\"@id\":\"https:\/\/dezernatzukunft.org\/#organization\"},\"potentialAction\":[{\"@type\":\"SearchAction\",\"target\":{\"@type\":\"EntryPoint\",\"urlTemplate\":\"https:\/\/dezernatzukunft.org\/?s={search_term_string}\"},\"query-input\":{\"@type\":\"PropertyValueSpecification\",\"valueRequired\":true,\"valueName\":\"search_term_string\"}}],\"inLanguage\":\"en-US\"},{\"@type\":\"Organization\",\"@id\":\"https:\/\/dezernatzukunft.org\/#organization\",\"name\":\"Dezernat Zukunft\",\"url\":\"https:\/\/dezernatzukunft.org\/\",\"logo\":{\"@type\":\"ImageObject\",\"inLanguage\":\"en-US\",\"@id\":\"https:\/\/dezernatzukunft.org\/#\/schema\/logo\/image\/\",\"url\":\"https:\/\/dezernatzukunft.org\/wp-content\/uploads\/2022\/05\/Dezernat_Zukunft-01_Zeichenfla\u0308che-1.png\",\"contentUrl\":\"https:\/\/dezernatzukunft.org\/wp-content\/uploads\/2022\/05\/Dezernat_Zukunft-01_Zeichenfla\u0308che-1.png\",\"width\":966,\"height\":167,\"caption\":\"Dezernat Zukunft\"},\"image\":{\"@id\":\"https:\/\/dezernatzukunft.org\/#\/schema\/logo\/image\/\"},\"sameAs\":[\"https:\/\/x.com\/DezernatZ\"]}]}<\/script>\n<!-- \/ Yoast SEO plugin. -->","yoast_head_json":{"title":"Dezernat Zukunft \u2013\u00a0Neue Finanzpolitik f\u00fcr W\u00fcrde, Wohlstand, Demokratie","description":"Das Dezernet Zukunft will Geld-, Finanz-, und Wirtschaftspolitik verst\u00e4ndlich, koh\u00e4rent, und relevant erkl\u00e4ren und neu denken.","robots":{"index":"index","follow":"follow","max-snippet":"max-snippet:-1","max-image-preview":"max-image-preview:large","max-video-preview":"max-video-preview:-1"},"canonical":"https:\/\/dezernatzukunft.org\/en\/home_en\/","og_locale":"en_US","og_type":"article","og_title":"Dezernat Zukunft \u2013\u00a0Neue Finanzpolitik f\u00fcr W\u00fcrde, Wohlstand, Demokratie","og_description":"Das Dezernet Zukunft will Geld-, Finanz-, und Wirtschaftspolitik verst\u00e4ndlich, koh\u00e4rent, und relevant erkl\u00e4ren und neu denken.","og_url":"https:\/\/dezernatzukunft.org\/en\/home_en\/","og_site_name":"Dezernat Zukunft","article_modified_time":"2026-04-09T16:28:22+00:00","twitter_card":"summary_large_image","twitter_site":"@DezernatZ","twitter_misc":{"Est. reading time":"13 minutes"},"schema":{"@context":"https:\/\/schema.org","@graph":[{"@type":"WebPage","@id":"https:\/\/dezernatzukunft.org\/en\/home_en\/","url":"https:\/\/dezernatzukunft.org\/en\/home_en\/","name":"Dezernat Zukunft \u2013\u00a0Neue Finanzpolitik f\u00fcr W\u00fcrde, Wohlstand, Demokratie","isPartOf":{"@id":"https:\/\/dezernatzukunft.org\/#website"},"datePublished":"2021-03-09T20:51:00+00:00","dateModified":"2026-04-09T16:28:22+00:00","description":"Das Dezernet Zukunft will Geld-, Finanz-, und Wirtschaftspolitik verst\u00e4ndlich, koh\u00e4rent, und relevant erkl\u00e4ren und neu denken.","breadcrumb":{"@id":"https:\/\/dezernatzukunft.org\/en\/home_en\/#breadcrumb"},"inLanguage":"en-US","potentialAction":[{"@type":"ReadAction","target":["https:\/\/dezernatzukunft.org\/en\/home_en\/"]}]},{"@type":"BreadcrumbList","@id":"https:\/\/dezernatzukunft.org\/en\/home_en\/#breadcrumb","itemListElement":[{"@type":"ListItem","position":1,"name":"Home","item":"https:\/\/dezernatzukunft.org\/en\/home_en\/"},{"@type":"ListItem","position":2,"name":"Home"}]},{"@type":"WebSite","@id":"https:\/\/dezernatzukunft.org\/#website","url":"https:\/\/dezernatzukunft.org\/","name":"Dezernat Zukunft","description":"Institut f\u00fcr Makrofinanzen","publisher":{"@id":"https:\/\/dezernatzukunft.org\/#organization"},"potentialAction":[{"@type":"SearchAction","target":{"@type":"EntryPoint","urlTemplate":"https:\/\/dezernatzukunft.org\/?s={search_term_string}"},"query-input":{"@type":"PropertyValueSpecification","valueRequired":true,"valueName":"search_term_string"}}],"inLanguage":"en-US"},{"@type":"Organization","@id":"https:\/\/dezernatzukunft.org\/#organization","name":"Dezernat Zukunft","url":"https:\/\/dezernatzukunft.org\/","logo":{"@type":"ImageObject","inLanguage":"en-US","@id":"https:\/\/dezernatzukunft.org\/#\/schema\/logo\/image\/","url":"https:\/\/dezernatzukunft.org\/wp-content\/uploads\/2022\/05\/Dezernat_Zukunft-01_Zeichenfla\u0308che-1.png","contentUrl":"https:\/\/dezernatzukunft.org\/wp-content\/uploads\/2022\/05\/Dezernat_Zukunft-01_Zeichenfla\u0308che-1.png","width":966,"height":167,"caption":"Dezernat Zukunft"},"image":{"@id":"https:\/\/dezernatzukunft.org\/#\/schema\/logo\/image\/"},"sameAs":["https:\/\/x.com\/DezernatZ"]}]}},"_links":{"self":[{"href":"https:\/\/dezernatzukunft.org\/en\/wp-json\/wp\/v2\/pages\/8244","targetHints":{"allow":["GET"]}}],"collection":[{"href":"https:\/\/dezernatzukunft.org\/en\/wp-json\/wp\/v2\/pages"}],"about":[{"href":"https:\/\/dezernatzukunft.org\/en\/wp-json\/wp\/v2\/types\/page"}],"author":[{"embeddable":true,"href":"https:\/\/dezernatzukunft.org\/en\/wp-json\/wp\/v2\/users\/1"}],"replies":[{"embeddable":true,"href":"https:\/\/dezernatzukunft.org\/en\/wp-json\/wp\/v2\/comments?post=8244"}],"version-history":[{"count":10,"href":"https:\/\/dezernatzukunft.org\/en\/wp-json\/wp\/v2\/pages\/8244\/revisions"}],"predecessor-version":[{"id":79329,"href":"https:\/\/dezernatzukunft.org\/en\/wp-json\/wp\/v2\/pages\/8244\/revisions\/79329"}],"wp:attachment":[{"href":"https:\/\/dezernatzukunft.org\/en\/wp-json\/wp\/v2\/media?parent=8244"}],"curies":[{"name":"wp","href":"https:\/\/api.w.org\/{rel}","templated":true}]}}