{"id":75173,"date":"2024-11-06T17:19:43","date_gmt":"2024-11-06T16:19:43","guid":{"rendered":"https:\/\/dezernatzukunft.org\/?page_id=75173"},"modified":"2026-02-03T12:15:02","modified_gmt":"2026-02-03T11:15:02","slug":"autor-hauke-lindstaedt","status":"publish","type":"page","link":"https:\/\/dezernatzukunft.org\/en\/autor-hauke-lindstaedt\/","title":{"rendered":"Autor Hauke Lindst\u00e4dt (EN)"},"content":{"rendered":"<div id=\"cs-content\" class=\"cs-content\"><\/div>\n","protected":false},"excerpt":{"rendered":"<p>Hauke Lindst\u00e4dtHauke Lindst\u00e4dt is an intern in the communications team at Dezernat Zukunft. Previously he worked for various advertising agencies and at the University of Cologne. He studied Linguistics in Kiel and Cologne.Dezernat Ver\u00f6ffentlichungenMar. 31, 2026Wohnungspolitik in einer teuren SackgasseMar. 31, 2026Eine kurze Fiskalgeschichte der deutschen WohnungspolitikNov. 14, 2025Die Folgen einer Euro-InternationalisierungAug. 28, 2025Euro als Leitw\u00e4hrung? Ja, aber \u2026Aug. 21, &#8230; <a href=\"https:\/\/dezernatzukunft.org\/en\/autor-hauke-lindstaedt\/\" class=\"more-link\">Read More<\/a><\/p>\n","protected":false},"author":62,"featured_media":0,"parent":0,"menu_order":0,"comment_status":"closed","ping_status":"closed","template":"","meta":{"_acf_changed":false,"footnotes":"","_links_to":"","_links_to_target":""},"class_list":["post-75173","page","type-page","status-publish","hentry","no-post-thumbnail"],"acf":[],"yoast_head":"<!-- This site is optimized with the Yoast SEO plugin v26.8 - https:\/\/yoast.com\/product\/yoast-seo-wordpress\/ -->\n<title>Autor Hauke Lindst\u00e4dt (EN) - Dezernat Zukunft<\/title>\n<meta name=\"robots\" content=\"index, follow, max-snippet:-1, max-image-preview:large, max-video-preview:-1\" \/>\n<link rel=\"canonical\" href=\"https:\/\/dezernatzukunft.org\/en\/autor-hauke-lindstaedt\/\" \/>\n<meta property=\"og:locale\" content=\"en_US\" \/>\n<meta property=\"og:type\" content=\"article\" \/>\n<meta property=\"og:title\" content=\"Autor Hauke Lindst\u00e4dt (EN) - Dezernat Zukunft\" \/>\n<meta property=\"og:description\" content=\"Hauke Lindst\u00e4dtHauke Lindst\u00e4dt is an intern in the communications team at Dezernat Zukunft. Previously he worked for various advertising agencies and at the University of Cologne. He studied Linguistics in Kiel and Cologne.Dezernat Ver\u00f6ffentlichungenMar. 31, 2026Wohnungspolitik in einer teuren SackgasseMar. 31, 2026Eine kurze Fiskalgeschichte der deutschen WohnungspolitikNov. 14, 2025Die Folgen einer Euro-InternationalisierungAug. 28, 2025Euro als Leitw\u00e4hrung? Ja, aber \u2026Aug. 21, ... Read More\" \/>\n<meta property=\"og:url\" content=\"https:\/\/dezernatzukunft.org\/en\/autor-hauke-lindstaedt\/\" \/>\n<meta property=\"og:site_name\" content=\"Dezernat Zukunft\" \/>\n<meta property=\"article:modified_time\" content=\"2026-02-03T11:15:02+00:00\" \/>\n<meta name=\"twitter:card\" content=\"summary_large_image\" \/>\n<meta name=\"twitter:site\" content=\"@DezernatZ\" \/>\n<meta name=\"twitter:label1\" content=\"Est. reading time\" \/>\n\t<meta name=\"twitter:data1\" content=\"22 minutes\" \/>\n<script type=\"application\/ld+json\" class=\"yoast-schema-graph\">{\"@context\":\"https:\/\/schema.org\",\"@graph\":[{\"@type\":\"WebPage\",\"@id\":\"https:\/\/dezernatzukunft.org\/en\/autor-hauke-lindstaedt\/\",\"url\":\"https:\/\/dezernatzukunft.org\/en\/autor-hauke-lindstaedt\/\",\"name\":\"Autor Hauke Lindst\u00e4dt (EN) - Dezernat Zukunft\",\"isPartOf\":{\"@id\":\"https:\/\/dezernatzukunft.org\/#website\"},\"datePublished\":\"2024-11-06T16:19:43+00:00\",\"dateModified\":\"2026-02-03T11:15:02+00:00\",\"breadcrumb\":{\"@id\":\"https:\/\/dezernatzukunft.org\/en\/autor-hauke-lindstaedt\/#breadcrumb\"},\"inLanguage\":\"en-US\",\"potentialAction\":[{\"@type\":\"ReadAction\",\"target\":[\"https:\/\/dezernatzukunft.org\/en\/autor-hauke-lindstaedt\/\"]}]},{\"@type\":\"BreadcrumbList\",\"@id\":\"https:\/\/dezernatzukunft.org\/en\/autor-hauke-lindstaedt\/#breadcrumb\",\"itemListElement\":[{\"@type\":\"ListItem\",\"position\":1,\"name\":\"Home\",\"item\":\"https:\/\/dezernatzukunft.org\/en\/home_en\/\"},{\"@type\":\"ListItem\",\"position\":2,\"name\":\"Autor Hauke Lindst\u00e4dt (EN)\"}]},{\"@type\":\"WebSite\",\"@id\":\"https:\/\/dezernatzukunft.org\/#website\",\"url\":\"https:\/\/dezernatzukunft.org\/\",\"name\":\"Dezernat Zukunft\",\"description\":\"Institut f\u00fcr Makrofinanzen\",\"publisher\":{\"@id\":\"https:\/\/dezernatzukunft.org\/#organization\"},\"potentialAction\":[{\"@type\":\"SearchAction\",\"target\":{\"@type\":\"EntryPoint\",\"urlTemplate\":\"https:\/\/dezernatzukunft.org\/?s={search_term_string}\"},\"query-input\":{\"@type\":\"PropertyValueSpecification\",\"valueRequired\":true,\"valueName\":\"search_term_string\"}}],\"inLanguage\":\"en-US\"},{\"@type\":\"Organization\",\"@id\":\"https:\/\/dezernatzukunft.org\/#organization\",\"name\":\"Dezernat Zukunft\",\"url\":\"https:\/\/dezernatzukunft.org\/\",\"logo\":{\"@type\":\"ImageObject\",\"inLanguage\":\"en-US\",\"@id\":\"https:\/\/dezernatzukunft.org\/#\/schema\/logo\/image\/\",\"url\":\"https:\/\/dezernatzukunft.org\/wp-content\/uploads\/2022\/05\/Dezernat_Zukunft-01_Zeichenfla\u0308che-1.png\",\"contentUrl\":\"https:\/\/dezernatzukunft.org\/wp-content\/uploads\/2022\/05\/Dezernat_Zukunft-01_Zeichenfla\u0308che-1.png\",\"width\":966,\"height\":167,\"caption\":\"Dezernat Zukunft\"},\"image\":{\"@id\":\"https:\/\/dezernatzukunft.org\/#\/schema\/logo\/image\/\"},\"sameAs\":[\"https:\/\/x.com\/DezernatZ\"]}]}<\/script>\n<!-- \/ Yoast SEO plugin. -->","yoast_head_json":{"title":"Autor Hauke Lindst\u00e4dt (EN) - Dezernat Zukunft","robots":{"index":"index","follow":"follow","max-snippet":"max-snippet:-1","max-image-preview":"max-image-preview:large","max-video-preview":"max-video-preview:-1"},"canonical":"https:\/\/dezernatzukunft.org\/en\/autor-hauke-lindstaedt\/","og_locale":"en_US","og_type":"article","og_title":"Autor Hauke Lindst\u00e4dt (EN) - Dezernat Zukunft","og_description":"Hauke Lindst\u00e4dtHauke Lindst\u00e4dt is an intern in the communications team at Dezernat Zukunft. Previously he worked for various advertising agencies and at the University of Cologne. He studied Linguistics in Kiel and Cologne.Dezernat Ver\u00f6ffentlichungenMar. 31, 2026Wohnungspolitik in einer teuren SackgasseMar. 31, 2026Eine kurze Fiskalgeschichte der deutschen WohnungspolitikNov. 14, 2025Die Folgen einer Euro-InternationalisierungAug. 28, 2025Euro als Leitw\u00e4hrung? Ja, aber \u2026Aug. 21, ... Read More","og_url":"https:\/\/dezernatzukunft.org\/en\/autor-hauke-lindstaedt\/","og_site_name":"Dezernat Zukunft","article_modified_time":"2026-02-03T11:15:02+00:00","twitter_card":"summary_large_image","twitter_site":"@DezernatZ","twitter_misc":{"Est. reading time":"22 minutes"},"schema":{"@context":"https:\/\/schema.org","@graph":[{"@type":"WebPage","@id":"https:\/\/dezernatzukunft.org\/en\/autor-hauke-lindstaedt\/","url":"https:\/\/dezernatzukunft.org\/en\/autor-hauke-lindstaedt\/","name":"Autor Hauke Lindst\u00e4dt (EN) - Dezernat Zukunft","isPartOf":{"@id":"https:\/\/dezernatzukunft.org\/#website"},"datePublished":"2024-11-06T16:19:43+00:00","dateModified":"2026-02-03T11:15:02+00:00","breadcrumb":{"@id":"https:\/\/dezernatzukunft.org\/en\/autor-hauke-lindstaedt\/#breadcrumb"},"inLanguage":"en-US","potentialAction":[{"@type":"ReadAction","target":["https:\/\/dezernatzukunft.org\/en\/autor-hauke-lindstaedt\/"]}]},{"@type":"BreadcrumbList","@id":"https:\/\/dezernatzukunft.org\/en\/autor-hauke-lindstaedt\/#breadcrumb","itemListElement":[{"@type":"ListItem","position":1,"name":"Home","item":"https:\/\/dezernatzukunft.org\/en\/home_en\/"},{"@type":"ListItem","position":2,"name":"Autor Hauke Lindst\u00e4dt (EN)"}]},{"@type":"WebSite","@id":"https:\/\/dezernatzukunft.org\/#website","url":"https:\/\/dezernatzukunft.org\/","name":"Dezernat Zukunft","description":"Institut f\u00fcr Makrofinanzen","publisher":{"@id":"https:\/\/dezernatzukunft.org\/#organization"},"potentialAction":[{"@type":"SearchAction","target":{"@type":"EntryPoint","urlTemplate":"https:\/\/dezernatzukunft.org\/?s={search_term_string}"},"query-input":{"@type":"PropertyValueSpecification","valueRequired":true,"valueName":"search_term_string"}}],"inLanguage":"en-US"},{"@type":"Organization","@id":"https:\/\/dezernatzukunft.org\/#organization","name":"Dezernat Zukunft","url":"https:\/\/dezernatzukunft.org\/","logo":{"@type":"ImageObject","inLanguage":"en-US","@id":"https:\/\/dezernatzukunft.org\/#\/schema\/logo\/image\/","url":"https:\/\/dezernatzukunft.org\/wp-content\/uploads\/2022\/05\/Dezernat_Zukunft-01_Zeichenfla\u0308che-1.png","contentUrl":"https:\/\/dezernatzukunft.org\/wp-content\/uploads\/2022\/05\/Dezernat_Zukunft-01_Zeichenfla\u0308che-1.png","width":966,"height":167,"caption":"Dezernat Zukunft"},"image":{"@id":"https:\/\/dezernatzukunft.org\/#\/schema\/logo\/image\/"},"sameAs":["https:\/\/x.com\/DezernatZ"]}]}},"_links":{"self":[{"href":"https:\/\/dezernatzukunft.org\/en\/wp-json\/wp\/v2\/pages\/75173","targetHints":{"allow":["GET"]}}],"collection":[{"href":"https:\/\/dezernatzukunft.org\/en\/wp-json\/wp\/v2\/pages"}],"about":[{"href":"https:\/\/dezernatzukunft.org\/en\/wp-json\/wp\/v2\/types\/page"}],"author":[{"embeddable":true,"href":"https:\/\/dezernatzukunft.org\/en\/wp-json\/wp\/v2\/users\/62"}],"replies":[{"embeddable":true,"href":"https:\/\/dezernatzukunft.org\/en\/wp-json\/wp\/v2\/comments?post=75173"}],"version-history":[{"count":10,"href":"https:\/\/dezernatzukunft.org\/en\/wp-json\/wp\/v2\/pages\/75173\/revisions"}],"predecessor-version":[{"id":78823,"href":"https:\/\/dezernatzukunft.org\/en\/wp-json\/wp\/v2\/pages\/75173\/revisions\/78823"}],"wp:attachment":[{"href":"https:\/\/dezernatzukunft.org\/en\/wp-json\/wp\/v2\/media?parent=75173"}],"curies":[{"name":"wp","href":"https:\/\/api.w.org\/{rel}","templated":true}]}}