{"id":71208,"date":"2023-07-20T13:22:58","date_gmt":"2023-07-20T11:22:58","guid":{"rendered":"https:\/\/dezernat-zukunft.org\/?page_id=71208"},"modified":"2025-03-06T13:43:25","modified_gmt":"2025-03-06T12:43:25","slug":"autorin-philippa-sigl-gloeckner-eng","status":"publish","type":"page","link":"https:\/\/dezernatzukunft.org\/en\/autorin-philippa-sigl-gloeckner-eng\/","title":{"rendered":"Autorin Philippa Sigl-Gl\u00f6ckner (ENG)"},"content":{"rendered":"<div id=\"cs-content\" class=\"cs-content\"><\/div>\n","protected":false},"excerpt":{"rendered":"<p>Philippa Sigl-Gl\u00f6cknerPhilippa Sigl-Gl\u00f6ckner is the founder and director of the Dezernat Zukunft. She primarily deals with fiscal and monetary policy issues. Previously, Philippa worked at the Federal Ministry of Finance, among others. Philippa holds a BA in Philosophy, Politics and Economics from Oxford University and an MSc in Computer Science from Imperial College, London.Dezernat publicationsFeb. 12, 2026Europas Tr\u00fcmpfe gegen TrumpFeb. &#8230; <a href=\"https:\/\/dezernatzukunft.org\/en\/autorin-philippa-sigl-gloeckner-eng\/\" class=\"more-link\">Read More<\/a><\/p>\n","protected":false},"author":62,"featured_media":0,"parent":0,"menu_order":0,"comment_status":"closed","ping_status":"closed","template":"","meta":{"_acf_changed":false,"footnotes":"","_links_to":"","_links_to_target":""},"class_list":["post-71208","page","type-page","status-publish","hentry","no-post-thumbnail"],"acf":[],"yoast_head":"<!-- This site is optimized with the Yoast SEO plugin v26.8 - https:\/\/yoast.com\/product\/yoast-seo-wordpress\/ -->\n<title>Autorin Philippa Sigl-Gl\u00f6ckner (ENG) - Dezernat Zukunft<\/title>\n<meta name=\"robots\" content=\"index, follow, max-snippet:-1, max-image-preview:large, max-video-preview:-1\" \/>\n<link rel=\"canonical\" href=\"https:\/\/dezernatzukunft.org\/en\/autorin-philippa-sigl-gloeckner-eng\/\" \/>\n<meta property=\"og:locale\" content=\"en_US\" \/>\n<meta property=\"og:type\" content=\"article\" \/>\n<meta property=\"og:title\" content=\"Autorin Philippa Sigl-Gl\u00f6ckner (ENG) - Dezernat Zukunft\" \/>\n<meta property=\"og:description\" content=\"Philippa Sigl-Gl\u00f6cknerPhilippa Sigl-Gl\u00f6ckner is the founder and director of the Dezernat Zukunft. She primarily deals with fiscal and monetary policy issues. Previously, Philippa worked at the Federal Ministry of Finance, among others. Philippa holds a BA in Philosophy, Politics and Economics from Oxford University and an MSc in Computer Science from Imperial College, London.Dezernat publicationsFeb. 12, 2026Europas Tr\u00fcmpfe gegen TrumpFeb. ... Read More\" \/>\n<meta property=\"og:url\" content=\"https:\/\/dezernatzukunft.org\/en\/autorin-philippa-sigl-gloeckner-eng\/\" \/>\n<meta property=\"og:site_name\" content=\"Dezernat Zukunft\" \/>\n<meta property=\"article:modified_time\" content=\"2025-03-06T12:43:25+00:00\" \/>\n<meta name=\"twitter:card\" content=\"summary_large_image\" \/>\n<meta name=\"twitter:site\" content=\"@DezernatZ\" \/>\n<meta name=\"twitter:label1\" content=\"Est. reading time\" \/>\n\t<meta name=\"twitter:data1\" content=\"4 minutes\" \/>\n<script type=\"application\/ld+json\" class=\"yoast-schema-graph\">{\"@context\":\"https:\/\/schema.org\",\"@graph\":[{\"@type\":\"WebPage\",\"@id\":\"https:\/\/dezernatzukunft.org\/en\/autorin-philippa-sigl-gloeckner-eng\/\",\"url\":\"https:\/\/dezernatzukunft.org\/en\/autorin-philippa-sigl-gloeckner-eng\/\",\"name\":\"Autorin Philippa Sigl-Gl\u00f6ckner (ENG) - Dezernat Zukunft\",\"isPartOf\":{\"@id\":\"https:\/\/dezernatzukunft.org\/#website\"},\"datePublished\":\"2023-07-20T11:22:58+00:00\",\"dateModified\":\"2025-03-06T12:43:25+00:00\",\"breadcrumb\":{\"@id\":\"https:\/\/dezernatzukunft.org\/en\/autorin-philippa-sigl-gloeckner-eng\/#breadcrumb\"},\"inLanguage\":\"en-US\",\"potentialAction\":[{\"@type\":\"ReadAction\",\"target\":[\"https:\/\/dezernatzukunft.org\/en\/autorin-philippa-sigl-gloeckner-eng\/\"]}]},{\"@type\":\"BreadcrumbList\",\"@id\":\"https:\/\/dezernatzukunft.org\/en\/autorin-philippa-sigl-gloeckner-eng\/#breadcrumb\",\"itemListElement\":[{\"@type\":\"ListItem\",\"position\":1,\"name\":\"Home\",\"item\":\"https:\/\/dezernatzukunft.org\/en\/\"},{\"@type\":\"ListItem\",\"position\":2,\"name\":\"Autorin Philippa Sigl-Gl\u00f6ckner (ENG)\"}]},{\"@type\":\"WebSite\",\"@id\":\"https:\/\/dezernatzukunft.org\/#website\",\"url\":\"https:\/\/dezernatzukunft.org\/\",\"name\":\"Dezernat Zukunft\",\"description\":\"Institut f\u00fcr Makrofinanzen\",\"publisher\":{\"@id\":\"https:\/\/dezernatzukunft.org\/#organization\"},\"potentialAction\":[{\"@type\":\"SearchAction\",\"target\":{\"@type\":\"EntryPoint\",\"urlTemplate\":\"https:\/\/dezernatzukunft.org\/?s={search_term_string}\"},\"query-input\":{\"@type\":\"PropertyValueSpecification\",\"valueRequired\":true,\"valueName\":\"search_term_string\"}}],\"inLanguage\":\"en-US\"},{\"@type\":\"Organization\",\"@id\":\"https:\/\/dezernatzukunft.org\/#organization\",\"name\":\"Dezernat Zukunft\",\"url\":\"https:\/\/dezernatzukunft.org\/\",\"logo\":{\"@type\":\"ImageObject\",\"inLanguage\":\"en-US\",\"@id\":\"https:\/\/dezernatzukunft.org\/#\/schema\/logo\/image\/\",\"url\":\"https:\/\/dezernatzukunft.org\/wp-content\/uploads\/2022\/05\/Dezernat_Zukunft-01_Zeichenfla\u0308che-1.png\",\"contentUrl\":\"https:\/\/dezernatzukunft.org\/wp-content\/uploads\/2022\/05\/Dezernat_Zukunft-01_Zeichenfla\u0308che-1.png\",\"width\":966,\"height\":167,\"caption\":\"Dezernat Zukunft\"},\"image\":{\"@id\":\"https:\/\/dezernatzukunft.org\/#\/schema\/logo\/image\/\"},\"sameAs\":[\"https:\/\/x.com\/DezernatZ\"]}]}<\/script>\n<!-- \/ Yoast SEO plugin. -->","yoast_head_json":{"title":"Autorin Philippa Sigl-Gl\u00f6ckner (ENG) - Dezernat Zukunft","robots":{"index":"index","follow":"follow","max-snippet":"max-snippet:-1","max-image-preview":"max-image-preview:large","max-video-preview":"max-video-preview:-1"},"canonical":"https:\/\/dezernatzukunft.org\/en\/autorin-philippa-sigl-gloeckner-eng\/","og_locale":"en_US","og_type":"article","og_title":"Autorin Philippa Sigl-Gl\u00f6ckner (ENG) - Dezernat Zukunft","og_description":"Philippa Sigl-Gl\u00f6cknerPhilippa Sigl-Gl\u00f6ckner is the founder and director of the Dezernat Zukunft. She primarily deals with fiscal and monetary policy issues. Previously, Philippa worked at the Federal Ministry of Finance, among others. Philippa holds a BA in Philosophy, Politics and Economics from Oxford University and an MSc in Computer Science from Imperial College, London.Dezernat publicationsFeb. 12, 2026Europas Tr\u00fcmpfe gegen TrumpFeb. ... Read More","og_url":"https:\/\/dezernatzukunft.org\/en\/autorin-philippa-sigl-gloeckner-eng\/","og_site_name":"Dezernat Zukunft","article_modified_time":"2025-03-06T12:43:25+00:00","twitter_card":"summary_large_image","twitter_site":"@DezernatZ","twitter_misc":{"Est. reading time":"4 minutes"},"schema":{"@context":"https:\/\/schema.org","@graph":[{"@type":"WebPage","@id":"https:\/\/dezernatzukunft.org\/en\/autorin-philippa-sigl-gloeckner-eng\/","url":"https:\/\/dezernatzukunft.org\/en\/autorin-philippa-sigl-gloeckner-eng\/","name":"Autorin Philippa Sigl-Gl\u00f6ckner (ENG) - Dezernat Zukunft","isPartOf":{"@id":"https:\/\/dezernatzukunft.org\/#website"},"datePublished":"2023-07-20T11:22:58+00:00","dateModified":"2025-03-06T12:43:25+00:00","breadcrumb":{"@id":"https:\/\/dezernatzukunft.org\/en\/autorin-philippa-sigl-gloeckner-eng\/#breadcrumb"},"inLanguage":"en-US","potentialAction":[{"@type":"ReadAction","target":["https:\/\/dezernatzukunft.org\/en\/autorin-philippa-sigl-gloeckner-eng\/"]}]},{"@type":"BreadcrumbList","@id":"https:\/\/dezernatzukunft.org\/en\/autorin-philippa-sigl-gloeckner-eng\/#breadcrumb","itemListElement":[{"@type":"ListItem","position":1,"name":"Home","item":"https:\/\/dezernatzukunft.org\/en\/"},{"@type":"ListItem","position":2,"name":"Autorin Philippa Sigl-Gl\u00f6ckner (ENG)"}]},{"@type":"WebSite","@id":"https:\/\/dezernatzukunft.org\/#website","url":"https:\/\/dezernatzukunft.org\/","name":"Dezernat Zukunft","description":"Institut f\u00fcr Makrofinanzen","publisher":{"@id":"https:\/\/dezernatzukunft.org\/#organization"},"potentialAction":[{"@type":"SearchAction","target":{"@type":"EntryPoint","urlTemplate":"https:\/\/dezernatzukunft.org\/?s={search_term_string}"},"query-input":{"@type":"PropertyValueSpecification","valueRequired":true,"valueName":"search_term_string"}}],"inLanguage":"en-US"},{"@type":"Organization","@id":"https:\/\/dezernatzukunft.org\/#organization","name":"Dezernat Zukunft","url":"https:\/\/dezernatzukunft.org\/","logo":{"@type":"ImageObject","inLanguage":"en-US","@id":"https:\/\/dezernatzukunft.org\/#\/schema\/logo\/image\/","url":"https:\/\/dezernatzukunft.org\/wp-content\/uploads\/2022\/05\/Dezernat_Zukunft-01_Zeichenfla\u0308che-1.png","contentUrl":"https:\/\/dezernatzukunft.org\/wp-content\/uploads\/2022\/05\/Dezernat_Zukunft-01_Zeichenfla\u0308che-1.png","width":966,"height":167,"caption":"Dezernat Zukunft"},"image":{"@id":"https:\/\/dezernatzukunft.org\/#\/schema\/logo\/image\/"},"sameAs":["https:\/\/x.com\/DezernatZ"]}]}},"_links":{"self":[{"href":"https:\/\/dezernatzukunft.org\/en\/wp-json\/wp\/v2\/pages\/71208","targetHints":{"allow":["GET"]}}],"collection":[{"href":"https:\/\/dezernatzukunft.org\/en\/wp-json\/wp\/v2\/pages"}],"about":[{"href":"https:\/\/dezernatzukunft.org\/en\/wp-json\/wp\/v2\/types\/page"}],"author":[{"embeddable":true,"href":"https:\/\/dezernatzukunft.org\/en\/wp-json\/wp\/v2\/users\/62"}],"replies":[{"embeddable":true,"href":"https:\/\/dezernatzukunft.org\/en\/wp-json\/wp\/v2\/comments?post=71208"}],"version-history":[{"count":10,"href":"https:\/\/dezernatzukunft.org\/en\/wp-json\/wp\/v2\/pages\/71208\/revisions"}],"predecessor-version":[{"id":76353,"href":"https:\/\/dezernatzukunft.org\/en\/wp-json\/wp\/v2\/pages\/71208\/revisions\/76353"}],"wp:attachment":[{"href":"https:\/\/dezernatzukunft.org\/en\/wp-json\/wp\/v2\/media?parent=71208"}],"curies":[{"name":"wp","href":"https:\/\/api.w.org\/{rel}","templated":true}]}}